{"id":9311,"date":"2022-05-20T14:15:03","date_gmt":"2022-05-20T12:15:03","guid":{"rendered":"https:\/\/unik.dk\/nyheder\/"},"modified":"2023-09-11T14:36:20","modified_gmt":"2023-09-11T12:36:20","slug":"nyheder","status":"publish","type":"page","link":"https:\/\/unik.dk\/en\/nyheder\/","title":{"rendered":"news"},"content":{"rendered":"<div id=\"pl-9311\"  class=\"panel-layout\" ><div id=\"pg-9311-0\"  class=\"panel-grid panel-no-style\" ><div id=\"pgc-9311-0-0\"  class=\"panel-grid-cell\" ><div id=\"panel-9311-0-0-0\" class=\"so-panel widget widget_mtt-sub-cover panel-first-child panel-last-child\" data-index=\"0\" ><div\n\t\t\t\n\t\t\tclass=\"so-widget-mtt-sub-cover so-widget-mtt-sub-cover-base\"\n\t\t\t\n\t\t><div class=\"mtt-sub-cover widget_secondary\">\n            <img decoding=\"async\" class=\"svg-pattern\" src=\"https:\/\/unik.dk\/wp-content\/themes\/unik-wordpress-theme\/public\/img\/svg\/svg-pattern-white.svg\" alt=\"\"\/>\n        <div class=\"mtt-sub-cover__text-container page_container\">\n        <div class=\"mtt-sub-cover__text-wrap\">\n            <div class=\"mtt-sub-cover__text-wrap--top\">\n                                    <p class=\"tagline\">Solutions that work for you<\/p>\n                                                    <h1 class=\"title--h2\">Stay updated on news from Unik<\/h1>\n                                                \n  <div class=\"button-section\">\n\n    \n    \n  <\/div>\n\n            <\/div>\n                    <\/div>\n    <\/div>\n    <div class=\"mtt-sub-cover__image-container\">\n      <section class=\"mtt-image-video-block special\">\n            <img decoding=\"async\" class=\"svg-shape\" src=\"https:\/\/unik.dk\/wp-content\/themes\/unik-wordpress-theme\/public\/img\/svg\/unik-shape.svg\" alt=\"\"\/>\n                <div class=\"mtt-image object-fit\">\n            <picture>\n                                            <img decoding=\"async\" src=\"https:\/\/unik.dk\/wp-content\/uploads\/2022\/06\/1160x890-news.png\" alt=\"1160&#215;890-news\">\n            <\/picture>\n        <\/div>\n        <\/section>\n    <\/div>\n<\/div><\/div><\/div><\/div><\/div><div id=\"pg-9311-1\"  class=\"panel-grid panel-no-style\" ><div id=\"pgc-9311-1-0\"  class=\"panel-grid-cell\" ><div id=\"panel-9311-1-0-0\" class=\"so-panel widget widget_mtt-archive panel-first-child panel-last-child\" data-index=\"1\" ><div\n\t\t\t\n\t\t\tclass=\"so-widget-mtt-archive so-widget-mtt-archive-base\"\n\t\t\t\n\t\t><section class=\"mtt-post-archive  spacing_top_80 spacing_bottom_56 spacing-classes-added spacing_top_80 spacing_bottom_56 spacing-classes-added\" data-archive data-archive-data=\"{&quot;action&quot;:&quot;filter_archive&quot;,&quot;page_number&quot;:1,&quot;posts_per_page&quot;:&quot;9&quot;,&quot;post_type&quot;:&quot;post&quot;,&quot;taxonomies&quot;:{},&quot;meta_query&quot;:{}}\" data-post-type=\"post\" data-archive-per-page=\"9\">\n    <div class=\"page_container\">\n        <div class=\"mtt-post-archive__title\">\n                            <h2 class=\"title--h3\">News from Unik<\/h2>\n                                        <div class=\"mtt-post-archive-categories\" data-parent-tax-slug=\"category\">\n                    <ul class=\"mtt-post-archive-categories__list\">\n                        <li class='mtt-archive-category'><button data-archive-button data-tax-slug='category' data-term-id='0' class='active'>Alle<\/button><\/li><li class='mtt-archive-category'><button data-archive-button data-tax-slug='category' data-term-id='577' class=''>HabiCen<\/button><\/li><li class='mtt-archive-category'><button data-archive-button data-tax-slug='category' data-term-id='13' class=''>Uncategorized<\/button><\/li><li class='mtt-archive-category'><button data-archive-button data-tax-slug='category' data-term-id='128' class=''>Unik<\/button><\/li>                    <\/ul>\n                <\/div>\n                    <\/div>\n        <div class=\"mtt-post-archive__layout\">\n            <div class=\"mtt-post-archive__content\">\n                <div class=\"mtt-post-archive__grid\" data-archive-target>\n                    \n<div class=\"news-card\">\n  <a href=\"https:\/\/unik.dk\/en\/partner-nyt-automatisk-tilmelding-hos-stroemlinet-direkte-i-unik\/\" class=\"news-card__link\"><\/a>\n  <div class=\"news-card__image-container\">\n    <div class=\"news-card__image object-fit\">\n      <img decoding=\"async\" src=\"https:\/\/unik.dk\/wp-content\/uploads\/2026\/04\/Stroemlinet-nyhed-1-550x365.png\" alt=\"Str\u00f8mlinet-nyhed (1)\">\n    <\/div>\n  <\/div>\n  <div class=\"news-card__text-container\">\n    <div class=\"news-card__text-container--top\">\n      \n<div class=\"news-card__tag\">\n  <a href=\"https:\/\/unik.dk\/en\/category\/unik-bolig\/partner-og-dataintegrationer\/\" class=\"tag tag--br8\">Partner- og dataintegrationer<\/a>\n<\/div>\n                <div class=\"news-card__date\">\n            <p>Udgivet: 17. April 2026<\/p>\n          <\/div>\n          <\/div>\n    <h3 class=\"news-card__title\">Partner Nyt: Automatisk tilmelding hos Str\u00f8mlinet direkte i Unik<\/h3>\n  <\/div>\n<\/div>\n<div class=\"news-card\">\n  <a href=\"https:\/\/unik.dk\/en\/ny-digital-brevloesning-slip-for-manuel-haandtering\/\" class=\"news-card__link\"><\/a>\n  <div class=\"news-card__image-container\">\n    <div class=\"news-card__image object-fit\">\n      <img decoding=\"async\" src=\"https:\/\/unik.dk\/wp-content\/uploads\/2026\/04\/2560x1700-website-banner-1-550x365.png\" alt=\"2560&#215;1700 &#8211; website banner (1)\">\n    <\/div>\n  <\/div>\n  <div class=\"news-card__text-container\">\n    <div class=\"news-card__text-container--top\">\n      \n<div class=\"news-card__tag\">\n  <a href=\"https:\/\/unik.dk\/en\/category\/unik-bolig\/partner-og-dataintegrationer\/\" class=\"tag tag--br8\">Partner- og dataintegrationer<\/a>\n<\/div>\n                <div class=\"news-card__date\">\n            <p>Udgivet: 13. April 2026<\/p>\n          <\/div>\n          <\/div>\n    <h3 class=\"news-card__title\">Ny digital brevl\u00f8sning: Slip for manuel h\u00e5ndtering<\/h3>\n  <\/div>\n<\/div>\n<div class=\"news-card\">\n  <a href=\"https:\/\/unik.dk\/en\/isae-3402-erklaering-fornyes\/\" class=\"news-card__link\"><\/a>\n  <div class=\"news-card__image-container\">\n    <div class=\"news-card__image object-fit\">\n      <img decoding=\"async\" src=\"https:\/\/unik.dk\/wp-content\/uploads\/2022\/01\/1200x800-nyhed-13-550x367.png\" alt=\"1200&#215;800-nyhed-13\">\n    <\/div>\n  <\/div>\n  <div class=\"news-card__text-container\">\n    <div class=\"news-card__text-container--top\">\n      \n<div class=\"news-card__tag\">\n  <a href=\"https:\/\/unik.dk\/en\/category\/unik\/\" class=\"tag tag--br8\">Unik<\/a>\n<\/div>\n                <div class=\"news-card__date\">\n            <p>Udgivet: 5. January 2026<\/p>\n          <\/div>\n          <\/div>\n    <h3 class=\"news-card__title\">Vores ISAE 3402-erkl\u00e6ring er blevet fornyet<\/h3>\n  <\/div>\n<\/div>\n<div class=\"news-card\">\n  <a href=\"https:\/\/unik.dk\/en\/isae-3000-erklaering-fornyes\/\" class=\"news-card__link\"><\/a>\n  <div class=\"news-card__image-container\">\n    <div class=\"news-card__image object-fit\">\n      <img decoding=\"async\" src=\"https:\/\/unik.dk\/wp-content\/uploads\/2025\/12\/2560x1700-website-banner-550x365.png\" alt=\"2560&#215;1700 &#8211; website banner\">\n    <\/div>\n  <\/div>\n  <div class=\"news-card__text-container\">\n    <div class=\"news-card__text-container--top\">\n      \n<div class=\"news-card__tag\">\n  <a href=\"https:\/\/unik.dk\/en\/category\/unik\/\" class=\"tag tag--br8\">Unik<\/a>\n<\/div>\n                <div class=\"news-card__date\">\n            <p>Udgivet: 5. January 2026<\/p>\n          <\/div>\n          <\/div>\n    <h3 class=\"news-card__title\">Fornyet ISAE 3000-erkl\u00e6ring hos Unik<\/h3>\n  <\/div>\n<\/div>\n<div class=\"news-card\">\n  <a href=\"https:\/\/unik.dk\/en\/nye-muligheder-med-habicen-finans-rapportering-er-nu-tilgaengelig-for-unik-kunder\/\" class=\"news-card__link\"><\/a>\n  <div class=\"news-card__image-container\">\n    <div class=\"news-card__image object-fit\">\n      <img decoding=\"async\" src=\"https:\/\/unik.dk\/wp-content\/uploads\/2025\/12\/CRM-lille-banner-550x288.png\" alt=\"_CRM lille banner\">\n    <\/div>\n  <\/div>\n  <div class=\"news-card__text-container\">\n    <div class=\"news-card__text-container--top\">\n      \n<div class=\"news-card__tag\">\n  <a href=\"https:\/\/unik.dk\/en\/category\/habicen\/\" class=\"tag tag--br8\">HabiCen<\/a>\n<\/div>\n                <div class=\"news-card__date\">\n            <p>Udgivet: 9. December 2025<\/p>\n          <\/div>\n          <\/div>\n    <h3 class=\"news-card__title\">Nye muligheder med HabiCen: Finans rapportering er nu tilg\u00e6ngelig for Unik-kunder<\/h3>\n  <\/div>\n<\/div>\n<div class=\"news-card\">\n  <a href=\"https:\/\/unik.dk\/en\/ny-loesning-sikrer-fysisk-post-efter-postnord-stopper-omdelingen\/\" class=\"news-card__link\"><\/a>\n  <div class=\"news-card__image-container\">\n    <div class=\"news-card__image object-fit\">\n      <img decoding=\"async\" src=\"https:\/\/unik.dk\/wp-content\/uploads\/2025\/11\/postbox_compressed-550x367.jpg\" alt=\"postbox_compressed\">\n    <\/div>\n  <\/div>\n  <div class=\"news-card__text-container\">\n    <div class=\"news-card__text-container--top\">\n      \n<div class=\"news-card__tag\">\n  <a href=\"https:\/\/unik.dk\/en\/category\/unik\/\" class=\"tag tag--br8\">Unik<\/a>\n<\/div>\n                <div class=\"news-card__date\">\n            <p>Udgivet: 20. November 2025<\/p>\n          <\/div>\n          <\/div>\n    <h3 class=\"news-card__title\">Ny l\u00f8sning sikrer fysisk post efter PostNord stopper omdelingen<\/h3>\n  <\/div>\n<\/div>\n<div class=\"news-card\">\n  <a href=\"https:\/\/unik.dk\/en\/datakvaliteten-faar-med-habicen-et-markant-loeft\/\" class=\"news-card__link\"><\/a>\n  <div class=\"news-card__image-container\">\n    <div class=\"news-card__image object-fit\">\n      <img decoding=\"async\" src=\"https:\/\/unik.dk\/wp-content\/uploads\/2025\/11\/habicen-finans-550x365.png\" alt=\"habicen-finans\">\n    <\/div>\n  <\/div>\n  <div class=\"news-card__text-container\">\n    <div class=\"news-card__text-container--top\">\n      \n<div class=\"news-card__tag\">\n  <a href=\"https:\/\/unik.dk\/en\/category\/habicen\/\" class=\"tag tag--br8\">HabiCen<\/a>\n<\/div>\n                <div class=\"news-card__date\">\n            <p>Udgivet: 10. November 2025<\/p>\n          <\/div>\n          <\/div>\n    <h3 class=\"news-card__title\">Datakvaliteten f\u00e5r med HabiCen et markant l\u00f8ft<\/h3>\n  <\/div>\n<\/div>\n<div class=\"news-card\">\n  <a href=\"https:\/\/unik.dk\/en\/habicen-og-40aar-i-branchen\/\" class=\"news-card__link\"><\/a>\n  <div class=\"news-card__image-container\">\n    <div class=\"news-card__image object-fit\">\n      <img decoding=\"async\" src=\"https:\/\/unik.dk\/wp-content\/uploads\/2025\/10\/unik_40aar_web-nyhed_1200x800-550x288.png\" alt=\"unik_40aar_web-nyhed_1200x800\">\n    <\/div>\n  <\/div>\n  <div class=\"news-card__text-container\">\n    <div class=\"news-card__text-container--top\">\n      \n<div class=\"news-card__tag\">\n  <a href=\"https:\/\/unik.dk\/en\/category\/habicen\/\" class=\"tag tag--br8\">HabiCen<\/a>\n<\/div>\n                <div class=\"news-card__date\">\n            <p>Udgivet: 30. October 2025<\/p>\n          <\/div>\n          <\/div>\n    <h3 class=\"news-card__title\">Unik s\u00e6tter kursen mod fremtiden med HabiCen \u2013 og fejrer 40 \u00e5r i branchen<\/h3>\n  <\/div>\n<\/div>\n<div class=\"news-card\">\n  <a href=\"https:\/\/unik.dk\/en\/partner-nyt-rillion\/\" class=\"news-card__link\"><\/a>\n  <div class=\"news-card__image-container\">\n    <div class=\"news-card__image object-fit\">\n      <img decoding=\"async\" src=\"https:\/\/unik.dk\/wp-content\/uploads\/2025\/10\/2-1-550x422.png\" alt=\"2\">\n    <\/div>\n  <\/div>\n  <div class=\"news-card__text-container\">\n    <div class=\"news-card__text-container--top\">\n      \n<div class=\"news-card__tag\">\n  <a href=\"https:\/\/unik.dk\/en\/category\/unik-bolig\/partner-og-dataintegrationer\/\" class=\"tag tag--br8\">Partner- og dataintegrationer<\/a>\n<\/div>\n                <div class=\"news-card__date\">\n            <p>Udgivet: 29. October 2025<\/p>\n          <\/div>\n          <\/div>\n    <h3 class=\"news-card__title\">Partner Nyt: Integration med Rillion er nu klar \u2013 f\u00e5 fuldt overblik og smartere fakturah\u00e5ndtering<\/h3>\n  <\/div>\n<\/div>                <\/div>\n                <div class=\"mtt-post-archive__pagination\" data-archive-pagination>\n                    <div class='mtt-pagination'><button class='mtt-pagination__toggle' data-page='0' aria-label='Forrige' disabled><svg xmlns=\"http:\/\/www.w3.org\/2000\/svg\" viewBox=\"0 0 6 10\" fill=\"currentColor\"><path d=\"M6 9a1 1 0 0 1-.293.707 1 1 0 0 1-1.414 0l-4-4a1 1 0 0 1 0-1.414 1 1 0 0 1 1.414 0l4 4A1 1 0 0 1 6 9Z\"\/><path d=\"M6 1a1 1 0 0 1-.293.707l-4 4a1 1 0 0 1-1.414 0 1 1 0 0 1 0-1.414l4-4A1 1 0 0 1 6 1Z\"\/><\/svg><\/button><span class='mtt-pagination__toggle mtt-pagination__toggle--active' data-page='1'>1<\/span><button class='mtt-pagination__toggle' data-page='2'>2<\/button><button class='mtt-pagination__toggle' data-page='3'>3<\/button><span class='mtt-pagination__toggle mtt-pagination__toggle--dots'>...<\/span><button class='mtt-pagination__toggle' data-page='7'>7<\/button><button class='mtt-pagination__toggle' data-page='2' aria-label='N\u00e6ste'><svg xmlns=\"http:\/\/www.w3.org\/2000\/svg\" viewBox=\"0 0 6 10\" fill=\"currentColor\"><path d=\"M6 5a1 1 0 0 1-.293.707l-4 4a1 1 0 0 1-1.414 0 1 1 0 0 1 0-1.414l4-4A1 1 0 0 1 6 5Z\"\/><path d=\"M6 5a1 1 0 0 1-.293.707 1 1 0 0 1-1.414 0l-4-4a1 1 0 0 1 0-1.414 1 1 0 0 1 1.414 0l4 4A1 1 0 0 1 6 5Z\"\/><\/svg><\/button><\/div>                <\/div>\n            <\/div>\n        <\/div>\n    <\/div>\n<\/section>\n<\/div><\/div><\/div><\/div><\/div>","protected":false},"excerpt":{"rendered":"<p>Solutions that work for you Stay updated on news from Unik News from Unik AlleHabiCenUncategorizedUnik Partner- og dataintegrationer Udgivet: 17. April 2026 Partner Nyt: Automatisk tilmelding hos Str\u00f8mlinet direkte i Unik Partner- og dataintegrationer Udgivet: 13. April 2026 Ny digital brevl\u00f8sning: Slip for manuel h\u00e5ndtering Unik Udgivet: 5. January 2026 Vores ISAE 3402-erkl\u00e6ring er blevet [&hellip;]<\/p>\n","protected":false},"author":1,"featured_media":0,"parent":0,"menu_order":13,"comment_status":"closed","ping_status":"closed","template":"","meta":{"_acf_changed":false,"inline_featured_image":false,"footnotes":""},"class_list":["post-9311","page","type-page","status-publish","hentry"],"acf":[],"yoast_head":"<!-- This site is optimized with the Yoast SEO plugin v27.0 - https:\/\/yoast.com\/product\/yoast-seo-wordpress\/ -->\n<title>news fra Unik<\/title>\n<meta name=\"robots\" content=\"index, follow, max-snippet:-1, max-image-preview:large, max-video-preview:-1\" \/>\n<link rel=\"canonical\" href=\"https:\/\/unik.dk\/en\/nyheder\/\" \/>\n<meta property=\"og:locale\" content=\"en_US\" \/>\n<meta property=\"og:type\" content=\"article\" \/>\n<meta property=\"og:title\" content=\"Tilmeld dig Unik Nyt\" \/>\n<meta property=\"og:description\" content=\"Solutions that work for you Stay updated on news from Unik News from Unik AlleHabiCenUncategorizedUnik Partner- og dataintegrationer Udgivet: 17. April 2026 Partner Nyt: Automatisk tilmelding hos Str\u00f8mlinet direkte i Unik Partner- og dataintegrationer Udgivet: 13. April 2026 Ny digital brevl\u00f8sning: Slip for manuel h\u00e5ndtering Unik Udgivet: 5. January 2026 Vores ISAE 3402-erkl\u00e6ring er blevet [&hellip;]\" \/>\n<meta property=\"og:url\" content=\"https:\/\/unik.dk\/en\/nyheder\/\" \/>\n<meta property=\"og:site_name\" content=\"Unik\" \/>\n<meta property=\"article:modified_time\" content=\"2023-09-11T12:36:20+00:00\" \/>\n<meta name=\"twitter:card\" content=\"summary_large_image\" \/>\n<meta name=\"twitter:label1\" content=\"Est. reading time\" \/>\n\t<meta name=\"twitter:data1\" content=\"1 minute\" \/>\n<script type=\"application\/ld+json\" class=\"yoast-schema-graph\">{\"@context\":\"https:\/\/schema.org\",\"@graph\":[{\"@type\":\"WebPage\",\"@id\":\"https:\/\/unik.dk\/en\/nyheder\/\",\"url\":\"https:\/\/unik.dk\/en\/nyheder\/\",\"name\":\"news fra Unik\",\"isPartOf\":{\"@id\":\"https:\/\/unik.dk\/en\/#website\"},\"datePublished\":\"2022-05-20T12:15:03+00:00\",\"dateModified\":\"2023-09-11T12:36:20+00:00\",\"breadcrumb\":{\"@id\":\"https:\/\/unik.dk\/en\/nyheder\/#breadcrumb\"},\"inLanguage\":\"en-US\",\"potentialAction\":[{\"@type\":\"ReadAction\",\"target\":[\"https:\/\/unik.dk\/en\/nyheder\/\"]}]},{\"@type\":\"BreadcrumbList\",\"@id\":\"https:\/\/unik.dk\/en\/nyheder\/#breadcrumb\",\"itemListElement\":[{\"@type\":\"ListItem\",\"position\":1,\"name\":\"Hjem\",\"item\":\"https:\/\/unik.dk\/en\/\"},{\"@type\":\"ListItem\",\"position\":2,\"name\":\"news\"}]},{\"@type\":\"WebSite\",\"@id\":\"https:\/\/unik.dk\/en\/#website\",\"url\":\"https:\/\/unik.dk\/en\/\",\"name\":\"Unik\",\"description\":\"Velkommen til Unik - software til ejendoms- og advokatbranchen\",\"potentialAction\":[{\"@type\":\"SearchAction\",\"target\":{\"@type\":\"EntryPoint\",\"urlTemplate\":\"https:\/\/unik.dk\/en\/?s={search_term_string}\"},\"query-input\":{\"@type\":\"PropertyValueSpecification\",\"valueRequired\":true,\"valueName\":\"search_term_string\"}}],\"inLanguage\":\"en-US\"}]}<\/script>\n<!-- \/ Yoast SEO plugin. -->","yoast_head_json":{"title":"news fra Unik","robots":{"index":"index","follow":"follow","max-snippet":"max-snippet:-1","max-image-preview":"max-image-preview:large","max-video-preview":"max-video-preview:-1"},"canonical":"https:\/\/unik.dk\/en\/nyheder\/","og_locale":"en_US","og_type":"article","og_title":"Tilmeld dig Unik Nyt","og_description":"Solutions that work for you Stay updated on news from Unik News from Unik AlleHabiCenUncategorizedUnik Partner- og dataintegrationer Udgivet: 17. April 2026 Partner Nyt: Automatisk tilmelding hos Str\u00f8mlinet direkte i Unik Partner- og dataintegrationer Udgivet: 13. April 2026 Ny digital brevl\u00f8sning: Slip for manuel h\u00e5ndtering Unik Udgivet: 5. January 2026 Vores ISAE 3402-erkl\u00e6ring er blevet [&hellip;]","og_url":"https:\/\/unik.dk\/en\/nyheder\/","og_site_name":"Unik","article_modified_time":"2023-09-11T12:36:20+00:00","twitter_card":"summary_large_image","twitter_misc":{"Est. reading time":"1 minute"},"schema":{"@context":"https:\/\/schema.org","@graph":[{"@type":"WebPage","@id":"https:\/\/unik.dk\/en\/nyheder\/","url":"https:\/\/unik.dk\/en\/nyheder\/","name":"news fra Unik","isPartOf":{"@id":"https:\/\/unik.dk\/en\/#website"},"datePublished":"2022-05-20T12:15:03+00:00","dateModified":"2023-09-11T12:36:20+00:00","breadcrumb":{"@id":"https:\/\/unik.dk\/en\/nyheder\/#breadcrumb"},"inLanguage":"en-US","potentialAction":[{"@type":"ReadAction","target":["https:\/\/unik.dk\/en\/nyheder\/"]}]},{"@type":"BreadcrumbList","@id":"https:\/\/unik.dk\/en\/nyheder\/#breadcrumb","itemListElement":[{"@type":"ListItem","position":1,"name":"Hjem","item":"https:\/\/unik.dk\/en\/"},{"@type":"ListItem","position":2,"name":"news"}]},{"@type":"WebSite","@id":"https:\/\/unik.dk\/en\/#website","url":"https:\/\/unik.dk\/en\/","name":"Unik","description":"Velkommen til Unik - software til ejendoms- og advokatbranchen","potentialAction":[{"@type":"SearchAction","target":{"@type":"EntryPoint","urlTemplate":"https:\/\/unik.dk\/en\/?s={search_term_string}"},"query-input":{"@type":"PropertyValueSpecification","valueRequired":true,"valueName":"search_term_string"}}],"inLanguage":"en-US"}]}},"_links":{"self":[{"href":"https:\/\/unik.dk\/en\/wp-json\/wp\/v2\/pages\/9311","targetHints":{"allow":["GET"]}}],"collection":[{"href":"https:\/\/unik.dk\/en\/wp-json\/wp\/v2\/pages"}],"about":[{"href":"https:\/\/unik.dk\/en\/wp-json\/wp\/v2\/types\/page"}],"author":[{"embeddable":true,"href":"https:\/\/unik.dk\/en\/wp-json\/wp\/v2\/users\/1"}],"replies":[{"embeddable":true,"href":"https:\/\/unik.dk\/en\/wp-json\/wp\/v2\/comments?post=9311"}],"version-history":[{"count":2,"href":"https:\/\/unik.dk\/en\/wp-json\/wp\/v2\/pages\/9311\/revisions"}],"predecessor-version":[{"id":9313,"href":"https:\/\/unik.dk\/en\/wp-json\/wp\/v2\/pages\/9311\/revisions\/9313"}],"wp:attachment":[{"href":"https:\/\/unik.dk\/en\/wp-json\/wp\/v2\/media?parent=9311"}],"curies":[{"name":"wp","href":"https:\/\/api.w.org\/{rel}","templated":true}]}}